{"id":98,"date":"2021-06-11T23:22:02","date_gmt":"2021-06-11T23:22:02","guid":{"rendered":"http:\/\/lixustech.com\/?page_id=98"},"modified":"2021-06-19T23:32:13","modified_gmt":"2021-06-19T23:32:13","slug":"servicio-de-ordenadores-y-tablets","status":"publish","type":"page","link":"https:\/\/lixustech.com\/?page_id=98","title":{"rendered":"Servicio de ordenadores y tablets"},"content":{"rendered":"<style>#kt-layout-id_41affa-8d > .kt-row-column-wrap{align-content:center;}:where(#kt-layout-id_41affa-8d > .kt-row-column-wrap) > .wp-block-kadence-column{justify-content:center;}#kt-layout-id_41affa-8d > .kt-row-column-wrap{column-gap:var(--global-kb-gap-lg, 4rem);row-gap:var(--global-kb-gap-md, 2rem);max-width:640px;padding-top:var( --global-kb-row-default-top, 25px );padding-bottom:var( --global-kb-row-default-bottom, 25px );padding-top:var(--global-kb-spacing-sm, 1.5rem);padding-bottom:var(--global-kb-spacing-sm, 1.5rem);grid-template-columns:minmax(0, 1fr) minmax(0, 2fr);}#kt-layout-id_41affa-8d > .kt-row-layout-overlay{opacity:0.30;}@media all and (max-width: 1024px){#kt-layout-id_41affa-8d > .kt-row-column-wrap{grid-template-columns:minmax(0, 1fr) minmax(0, 2fr);}}@media all and (max-width: 767px){#kt-layout-id_41affa-8d > .kt-row-column-wrap{grid-template-columns:minmax(0, 1fr);}}<\/style>\n<div class=\"wp-block-kadence-rowlayout alignnone\"><div id=\"kt-layout-id_41affa-8d\" class=\"kt-row-layout-inner kt-layout-id_41affa-8d\"><div class=\"kt-row-column-wrap kt-has-2-columns kt-gutter-wider kt-v-gutter-default kt-row-valign-middle kt-row-layout-right-golden kt-tab-layout-inherit kt-m-colapse-left-to-right kt-mobile-layout-row kb-theme-content-width\"><style>.kadence-column_f8db16-07 > .kt-inside-inner-col{border-top-width:0px;border-right-width:0px;border-bottom-width:0px;border-left-width:0px;}.kadence-column_f8db16-07 > .kt-inside-inner-col,.kadence-column_f8db16-07 > .kt-inside-inner-col:before{border-top-left-radius:0px;border-top-right-radius:0px;border-bottom-right-radius:0px;border-bottom-left-radius:0px;}.kadence-column_f8db16-07 > .kt-inside-inner-col{column-gap:var(--global-kb-gap-sm, 1rem);}.kadence-column_f8db16-07 > .kt-inside-inner-col{flex-direction:column;}.kadence-column_f8db16-07 > .kt-inside-inner-col > .aligncenter{width:100%;}.kadence-column_f8db16-07 > .kt-inside-inner-col:before{opacity:0.3;}.kadence-column_f8db16-07{position:relative;}@media all and (max-width: 1024px){.kadence-column_f8db16-07 > .kt-inside-inner-col{flex-direction:column;justify-content:center;}}@media all and (max-width: 767px){.kadence-column_f8db16-07 > .kt-inside-inner-col{flex-direction:column;justify-content:center;}}<\/style>\n<div class=\"wp-block-kadence-column inner-column-1 kadence-column_f8db16-07\"><div class=\"kt-inside-inner-col\">\n<figure class=\"wp-block-image size-large is-resized\"><img loading=\"lazy\" decoding=\"async\" src=\"https:\/\/lixustech.com\/wp-content\/uploads\/2021\/06\/Electronics_by_Desintegrator-1.jpg\" alt=\"\" class=\"wp-image-41\" width=\"255\" height=\"419\"\/><\/figure>\n<\/div><\/div>\n\n\n<style>.kadence-column_dc8fce-5b > .kt-inside-inner-col{border-top-width:0px;border-right-width:0px;border-bottom-width:0px;border-left-width:0px;}.kadence-column_dc8fce-5b > .kt-inside-inner-col,.kadence-column_dc8fce-5b > .kt-inside-inner-col:before{border-top-left-radius:0px;border-top-right-radius:0px;border-bottom-right-radius:0px;border-bottom-left-radius:0px;}.kadence-column_dc8fce-5b > .kt-inside-inner-col{column-gap:var(--global-kb-gap-sm, 1rem);}.kadence-column_dc8fce-5b > .kt-inside-inner-col{flex-direction:column;}.kadence-column_dc8fce-5b > .kt-inside-inner-col > .aligncenter{width:100%;}.kadence-column_dc8fce-5b > .kt-inside-inner-col:before{opacity:0.3;}.kadence-column_dc8fce-5b{position:relative;}@media all and (max-width: 1024px){.kadence-column_dc8fce-5b > .kt-inside-inner-col{flex-direction:column;justify-content:center;}}@media all and (max-width: 767px){.kadence-column_dc8fce-5b > .kt-inside-inner-col{flex-direction:column;justify-content:center;}}<\/style>\n<div class=\"wp-block-kadence-column inner-column-2 kadence-column_dc8fce-5b\"><div class=\"kt-inside-inner-col\"><style>.wp-block-kadence-column.kb-section-dir-horizontal > .kt-inside-inner-col > #kt-info-box_a85301-df .kt-blocks-info-box-link-wrap{max-width:unset;}#kt-info-box_a85301-df .kt-blocks-info-box-link-wrap{border-color:#888888;border-top-width:0px;border-right-width:0px;border-bottom-width:0px;border-left-width:0px;background:#ffffff;padding-top:20px;padding-right:20px;padding-bottom:20px;padding-left:20px;}#kt-info-box_a85301-df .kt-blocks-info-box-link-wrap:hover{border-color:#888888;background:#ffffff;}#kt-info-box_a85301-df .kadence-info-box-icon-container .kt-info-svg-icon, #kt-info-box_a85301-df .kt-info-svg-icon-flip, #kt-info-box_a85301-df .kt-blocks-info-box-number{font-size:75px;}#kt-info-box_a85301-df .kt-blocks-info-box-media{color:#444;background:#fff;border-color:#444444;border-top-width:4px;border-right-width:4px;border-bottom-width:4px;border-left-width:4px;padding-top:20px;padding-right:20px;padding-bottom:20px;padding-left:20px;margin-top:0px;margin-right:40px;margin-bottom:0px;margin-left:15px;}#kt-info-box_a85301-df .kt-blocks-info-box-link-wrap:hover .kt-blocks-info-box-media{color:#444;background:#fff;border-color:#444;}#kt-info-box_a85301-df .kt-infobox-textcontent h2.kt-blocks-info-box-title{font-size:1.2em;font-family:Roboto;font-style:normal;font-weight:700;padding-top:0px;padding-right:0px;padding-bottom:0px;padding-left:0px;margin-top:0px;margin-right:0px;margin-bottom:10px;margin-left:0px;}#kt-info-box_a85301-df .kt-blocks-info-box-learnmore{background:transparent;border-color:#555555;border-width:0px 0px 0px 0px;padding-top:4px;padding-right:8px;padding-bottom:4px;padding-left:8px;margin-top:10px;margin-right:0px;margin-bottom:10px;margin-left:0px;}#kt-info-box_a85301-df .kt-blocks-info-box-link-wrap:hover .kt-blocks-info-box-learnmore,#kt-info-box_a85301-df .kt-blocks-info-box-link-wrap .kt-blocks-info-box-learnmore:focus{color:#ffffff;background:#444444;border-color:#444444;}<\/style>\n<div id=\"kt-info-box_a85301-df\" class=\"wp-block-kadence-infobox\"><a class=\"kt-blocks-info-box-link-wrap info-box-link kt-blocks-info-box-media-align-left kt-info-halign-left\"><div class=\"kt-blocks-info-box-media-container\"><div class=\"kt-blocks-info-box-media kt-info-media-animate-none\"><div class=\"kadence-info-box-icon-container kt-info-icon-animate-none\"><div class=\"kadence-info-box-icon-inner-container\"><span style=\"display:block;justify-content:center;align-items:center\" class=\"kt-info-svg-icon kt-info-svg-icon-fe_monitor\"><svg style=\"display:inline-block;vertical-align:middle\" viewbox=\"0 0 24 24\" height=\"75\" width=\"75\" fill=\"none\" stroke=\"currentColor\" xmlns=\"http:\/\/www.w3.org\/2000\/svg\" stroke-width=\"1.5\" stroke-linecap=\"round\" stroke-linejoin=\"round\"><rect x=\"2\" y=\"3\" width=\"20\" height=\"14\" rx=\"2\" ry=\"2\"><\/rect><line x1=\"8\" y1=\"21\" x2=\"16\" y2=\"21\"><\/line><line x1=\"12\" y1=\"17\" x2=\"12\" y2=\"21\"><\/line><\/svg><\/span><\/div><\/div><\/div><\/div><div class=\"kt-infobox-textcontent\"><h2 class=\"kt-blocks-info-box-title\">Reparaci\u00f3n de port\u00e1tiles y placas base<\/h2><p class=\"kt-blocks-info-box-text\">Port\u00e1tiles sin v\u00eddeo o que no encienden, reparaci\u00f3n de circuitos de placa base, fuentes de alimentaci\u00f3n y pantallas da\u00f1adas.<\/p><\/div><\/a><\/div>\n\n\n<style>.wp-block-kadence-column.kb-section-dir-horizontal > .kt-inside-inner-col > #kt-info-box_184f5b-c9 .kt-blocks-info-box-link-wrap{max-width:unset;}#kt-info-box_184f5b-c9 .kt-blocks-info-box-link-wrap{border-color:#888888;border-top-width:0px;border-right-width:0px;border-bottom-width:0px;border-left-width:0px;background:#ffffff;padding-top:20px;padding-right:20px;padding-bottom:20px;padding-left:20px;}#kt-info-box_184f5b-c9 .kt-blocks-info-box-link-wrap:hover{border-color:#888888;background:#ffffff;}#kt-info-box_184f5b-c9 .kadence-info-box-icon-container .kt-info-svg-icon, #kt-info-box_184f5b-c9 .kt-info-svg-icon-flip, #kt-info-box_184f5b-c9 .kt-blocks-info-box-number{font-size:75px;}#kt-info-box_184f5b-c9 .kt-blocks-info-box-media{color:#444;background:#fff;border-color:#444444;border-top-width:4px;border-right-width:4px;border-bottom-width:4px;border-left-width:4px;padding-top:20px;padding-right:20px;padding-bottom:20px;padding-left:20px;margin-top:0px;margin-right:40px;margin-bottom:0px;margin-left:15px;}#kt-info-box_184f5b-c9 .kt-blocks-info-box-link-wrap:hover .kt-blocks-info-box-media{color:#444;background:#fff;border-color:#444;}#kt-info-box_184f5b-c9 .kt-infobox-textcontent h2.kt-blocks-info-box-title{font-size:1.2em;font-family:Roboto;font-style:normal;font-weight:700;padding-top:0px;padding-right:0px;padding-bottom:0px;padding-left:0px;margin-top:0px;margin-right:0px;margin-bottom:10px;margin-left:0px;}#kt-info-box_184f5b-c9 .kt-blocks-info-box-learnmore{background:transparent;border-color:#555555;border-width:0px 0px 0px 0px;padding-top:4px;padding-right:8px;padding-bottom:4px;padding-left:8px;margin-top:10px;margin-right:0px;margin-bottom:10px;margin-left:0px;}#kt-info-box_184f5b-c9 .kt-blocks-info-box-link-wrap:hover .kt-blocks-info-box-learnmore,#kt-info-box_184f5b-c9 .kt-blocks-info-box-link-wrap .kt-blocks-info-box-learnmore:focus{color:#ffffff;background:#444444;border-color:#444444;}<\/style>\n<div id=\"kt-info-box_184f5b-c9\" class=\"wp-block-kadence-infobox\"><a class=\"kt-blocks-info-box-link-wrap info-box-link kt-blocks-info-box-media-align-left kt-info-halign-left\"><div class=\"kt-blocks-info-box-media-container\"><div class=\"kt-blocks-info-box-media kt-info-media-animate-none\"><div class=\"kadence-info-box-icon-container kt-info-icon-animate-none\"><div class=\"kadence-info-box-icon-inner-container\"><span style=\"display:block;justify-content:center;align-items:center\" class=\"kt-info-svg-icon kt-info-svg-icon-fe_tablet\"><svg style=\"display:inline-block;vertical-align:middle\" viewbox=\"0 0 24 24\" height=\"75\" width=\"75\" fill=\"none\" stroke=\"currentColor\" xmlns=\"http:\/\/www.w3.org\/2000\/svg\" stroke-width=\"1.5\" stroke-linecap=\"round\" stroke-linejoin=\"round\"><rect x=\"4\" y=\"2\" width=\"16\" height=\"20\" rx=\"2\" ry=\"2\" transform=\"rotate(180 12 12)\"><\/rect><line x1=\"12\" y1=\"18\" x2=\"12\" y2=\"18\"><\/line><\/svg><\/span><\/div><\/div><\/div><\/div><div class=\"kt-infobox-textcontent\"><h2 class=\"kt-blocks-info-box-title\">Reparaci\u00f3n de tablets y accesorios<\/h2><p class=\"kt-blocks-info-box-text\">Cambios de t\u00e1ctiles y LCDs, recuperaci\u00f3n de software y desbloqueos, conectores de carga y bater\u00edas.<\/p><\/div><\/a><\/div>\n\n\n<style>.wp-block-kadence-column.kb-section-dir-horizontal > .kt-inside-inner-col > #kt-info-box_c4ad11-85 .kt-blocks-info-box-link-wrap{max-width:unset;}#kt-info-box_c4ad11-85 .kt-blocks-info-box-link-wrap{border-color:#888888;border-top-width:0px;border-right-width:0px;border-bottom-width:0px;border-left-width:0px;background:#ffffff;padding-top:20px;padding-right:20px;padding-bottom:20px;padding-left:20px;}#kt-info-box_c4ad11-85 .kt-blocks-info-box-link-wrap:hover{border-color:#888888;background:#ffffff;}#kt-info-box_c4ad11-85 .kadence-info-box-icon-container .kt-info-svg-icon, #kt-info-box_c4ad11-85 .kt-info-svg-icon-flip, #kt-info-box_c4ad11-85 .kt-blocks-info-box-number{font-size:75px;}#kt-info-box_c4ad11-85 .kt-blocks-info-box-media{color:#444;background:#fff;border-color:#444444;border-top-width:4px;border-right-width:4px;border-bottom-width:4px;border-left-width:4px;padding-top:20px;padding-right:20px;padding-bottom:20px;padding-left:20px;margin-top:0px;margin-right:40px;margin-bottom:0px;margin-left:15px;}#kt-info-box_c4ad11-85 .kt-blocks-info-box-link-wrap:hover .kt-blocks-info-box-media{color:#444;background:#fff;border-color:#444;}#kt-info-box_c4ad11-85 .kt-infobox-textcontent h2.kt-blocks-info-box-title{font-size:1.2em;font-family:Roboto;font-style:normal;font-weight:700;padding-top:0px;padding-right:0px;padding-bottom:0px;padding-left:0px;margin-top:0px;margin-right:0px;margin-bottom:10px;margin-left:0px;}#kt-info-box_c4ad11-85 .kt-blocks-info-box-learnmore{background:transparent;border-color:#555555;border-width:0px 0px 0px 0px;padding-top:4px;padding-right:8px;padding-bottom:4px;padding-left:8px;margin-top:10px;margin-right:0px;margin-bottom:10px;margin-left:0px;}#kt-info-box_c4ad11-85 .kt-blocks-info-box-link-wrap:hover .kt-blocks-info-box-learnmore,#kt-info-box_c4ad11-85 .kt-blocks-info-box-link-wrap .kt-blocks-info-box-learnmore:focus{color:#ffffff;background:#444444;border-color:#444444;}<\/style>\n<div id=\"kt-info-box_c4ad11-85\" class=\"wp-block-kadence-infobox\"><a class=\"kt-blocks-info-box-link-wrap info-box-link kt-blocks-info-box-media-align-left kt-info-halign-left\"><div class=\"kt-blocks-info-box-media-container\"><div class=\"kt-blocks-info-box-media kt-info-media-animate-none\"><div class=\"kadence-info-box-icon-container kt-info-icon-animate-none\"><div class=\"kadence-info-box-icon-inner-container\"><span style=\"display:block;justify-content:center;align-items:center\" class=\"kt-info-svg-icon kt-info-svg-icon-fe_database\"><svg style=\"display:inline-block;vertical-align:middle\" viewbox=\"0 0 24 24\" height=\"75\" width=\"75\" fill=\"none\" stroke=\"currentColor\" xmlns=\"http:\/\/www.w3.org\/2000\/svg\" stroke-width=\"1.5\" stroke-linecap=\"round\" stroke-linejoin=\"round\"><ellipse cx=\"12\" cy=\"5\" rx=\"9\" ry=\"3\"><\/ellipse><path d=\"M21 12c0 1.66-4 3-9 3s-9-1.34-9-3\"><\/path><path d=\"M3 5v14c0 1.66 4 3 9 3s9-1.34 9-3V5\"><\/path><\/svg><\/span><\/div><\/div><\/div><\/div><div class=\"kt-infobox-textcontent\"><h2 class=\"kt-blocks-info-box-title\">Recuperaci\u00f3n de datos<\/h2><p class=\"kt-blocks-info-box-text\">Salvaguardia de datos de discos da\u00f1ados, limpieza de virus y trojanos y recuperaci\u00f3n de contrase\u00f1as<\/p><\/div><\/a><\/div>\n\n\n\n<p><\/p>\n<\/div><\/div>\n<\/div><\/div><\/div>\n","protected":false},"excerpt":{"rendered":"","protected":false},"author":1,"featured_media":0,"parent":0,"menu_order":0,"comment_status":"closed","ping_status":"closed","template":"","meta":{"_seopress_robots_primary_cat":"","_seopress_titles_title":"","_seopress_titles_desc":"","_seopress_robots_index":"","_monsterinsights_skip_tracking":false,"_monsterinsights_sitenote_active":false,"_monsterinsights_sitenote_note":"","_monsterinsights_sitenote_category":0,"_uf_show_specific_survey":0,"_uf_disable_surveys":false,"footnotes":""},"class_list":["post-98","page","type-page","status-publish","hentry"],"_links":{"self":[{"href":"https:\/\/lixustech.com\/index.php?rest_route=\/wp\/v2\/pages\/98","targetHints":{"allow":["GET"]}}],"collection":[{"href":"https:\/\/lixustech.com\/index.php?rest_route=\/wp\/v2\/pages"}],"about":[{"href":"https:\/\/lixustech.com\/index.php?rest_route=\/wp\/v2\/types\/page"}],"author":[{"embeddable":true,"href":"https:\/\/lixustech.com\/index.php?rest_route=\/wp\/v2\/users\/1"}],"replies":[{"embeddable":true,"href":"https:\/\/lixustech.com\/index.php?rest_route=%2Fwp%2Fv2%2Fcomments&post=98"}],"version-history":[{"count":2,"href":"https:\/\/lixustech.com\/index.php?rest_route=\/wp\/v2\/pages\/98\/revisions"}],"predecessor-version":[{"id":109,"href":"https:\/\/lixustech.com\/index.php?rest_route=\/wp\/v2\/pages\/98\/revisions\/109"}],"wp:attachment":[{"href":"https:\/\/lixustech.com\/index.php?rest_route=%2Fwp%2Fv2%2Fmedia&parent=98"}],"curies":[{"name":"wp","href":"https:\/\/api.w.org\/{rel}","templated":true}]}}